{"id":4864,"date":"2021-07-21T17:46:52","date_gmt":"2021-07-21T15:46:52","guid":{"rendered":"https:\/\/www.catasyalgomas.cl\/?page_id=4864"},"modified":"2021-07-21T18:13:34","modified_gmt":"2021-07-21T16:13:34","slug":"notas-de-catas","status":"publish","type":"page","link":"https:\/\/www.catasyalgomas.cl\/?page_id=4864","title":{"rendered":"Notas de catas"},"content":{"rendered":"<p style=\"text-align: justify;\">Junto a nuestro Sommelier, solo queremos que puedan disfrutar de estos vinos, compartirlos con sus amigos y su familia, y que todos continuemos aprendiendo d\u00eda a d\u00eda de este maravilloso mundo y gran pasi\u00f3n que es el vino.<br \/>Y nunca olviden lo que dice nuestro Sommelier: \u201cEl mejor vino es que mas les guste\u2026.y si este es junto a sus seres queridos \u2026. Mucho mejor\u201d<\/p>\n<p style=\"text-align: justify;\">\u00a1\u00a1\u00a1Que contin\u00fae el Placer!!!!<\/p>\n<p style=\"text-align: justify;\"><strong>Equipo Catas y Algo Mas<\/strong><\/p>\n<hr \/>\n<p><strong><a href=\"https:\/\/www.catasyalgomas.cl\/?page_id=4868\">NOTA CATA AGOSTO<\/a><\/strong><\/p>\n<p>\u00a0<\/p>\n\n\n<p><\/p>\n","protected":false},"excerpt":{"rendered":"<p>Junto a nuestro Sommelier, solo queremos que puedan disfrutar de estos vinos, compartirlos con sus amigos y su familia, y que todos continuemos aprendiendo d\u00eda a d\u00eda de este maravilloso mundo y gran pasi\u00f3n que es el vino.Y nunca olviden lo que dice nuestro Sommelier: \u201cEl mejor vino es que mas les guste\u2026.y si este [&hellip;]<\/p>\n","protected":false},"author":1,"featured_media":0,"parent":0,"menu_order":0,"comment_status":"closed","ping_status":"closed","template":"","meta":[],"_links":{"self":[{"href":"https:\/\/www.catasyalgomas.cl\/index.php?rest_route=\/wp\/v2\/pages\/4864"}],"collection":[{"href":"https:\/\/www.catasyalgomas.cl\/index.php?rest_route=\/wp\/v2\/pages"}],"about":[{"href":"https:\/\/www.catasyalgomas.cl\/index.php?rest_route=\/wp\/v2\/types\/page"}],"author":[{"embeddable":true,"href":"https:\/\/www.catasyalgomas.cl\/index.php?rest_route=\/wp\/v2\/users\/1"}],"replies":[{"embeddable":true,"href":"https:\/\/www.catasyalgomas.cl\/index.php?rest_route=%2Fwp%2Fv2%2Fcomments&post=4864"}],"version-history":[{"count":3,"href":"https:\/\/www.catasyalgomas.cl\/index.php?rest_route=\/wp\/v2\/pages\/4864\/revisions"}],"predecessor-version":[{"id":4872,"href":"https:\/\/www.catasyalgomas.cl\/index.php?rest_route=\/wp\/v2\/pages\/4864\/revisions\/4872"}],"wp:attachment":[{"href":"https:\/\/www.catasyalgomas.cl\/index.php?rest_route=%2Fwp%2Fv2%2Fmedia&parent=4864"}],"curies":[{"name":"wp","href":"https:\/\/api.w.org\/{rel}","templated":true}]}}