{"id":4708,"date":"2019-04-03T19:07:47","date_gmt":"2019-04-03T17:07:47","guid":{"rendered":"http:\/\/www.catasyalgomas.cl\/catas\/?page_id=4708"},"modified":"2019-04-03T19:07:47","modified_gmt":"2019-04-03T17:07:47","slug":"paraiso-vitivinicola","status":"publish","type":"page","link":"https:\/\/www.catasyalgomas.cl\/?page_id=4708","title":{"rendered":"Para\u00edso Vitivin\u00edcola"},"content":{"rendered":"\n<h1>Chile un para\u00edso vitivin\u00edcola<\/h1>\n\n\n\n<figure class=\"wp-block-image\"><img src=\"http:\/\/www.cmed.cl\/catasyalgomas\/wp-content\/uploads\/2014\/06\/process1.png\" alt=\"q\"\/><\/figure>\n\n\n\n<h5>NUESTRA TIERRA<\/h5>\n\n\n\n<p><em>\u201c\u2026los terrenos de Chile son admirablemente a prop\u00f3sito para el cultivo de la vi\u00f1a ya sea por su naturaleza, o ya por la forma de anfiteatro que presentan sus colinas. Su cultivo empieza en el conf\u00edn norte de la Rep\u00fablica y no se prolonga m\u00e1s que hasta la provincia de Concepci\u00f3n, a 37 grados sur\u2026\u201d<\/em><\/p>\n\n\n\n<p><strong>Claudio Gay<\/strong><\/p>\n\n\n\n<h5>GEOGRAF\u00cdA PRIVILIGIADA<\/h5>\n\n\n\n<p>Chile con mas 4300 kil\u00f3metros de norte a sur, posee una geograf\u00eda tan diversa y caracter\u00edsticas climatol\u00f3gicas \u00fanicas en el mundo hacen que nuestro pa\u00eds sea considerado un para\u00edso vitivin\u00edcola.<\/p>\n\n\n\n<figure class=\"wp-block-image\"><img src=\"http:\/\/www.cmed.cl\/catasyalgomas\/wp-content\/uploads\/2014\/06\/process2.png\" alt=\"q\"\/><\/figure>\n\n\n\n<figure class=\"wp-block-image\"><img src=\"http:\/\/www.cmed.cl\/catasyalgomas\/wp-content\/uploads\/2014\/06\/process3.png\" alt=\"q\"\/><\/figure>\n\n\n\n<h5>CALIDAD<\/h5>\n\n\n\n<p>Al mirar Chile nos percatamos que sus limites est\u00e1n dados por el oc\u00e9ano pacifico hacia el occidente, y la majestuosa cordillera de Los Andes hacia el oriente. Hacia el norte nos encontramos con uno de los climas mas \u00e1ridos del mundo y hacia el sur la Patagonia. Esta condici\u00f3n geogr\u00e1fica determina un clima privilegiado para el cultivo de la vid; entregando vinos de gran calidad.<\/p>\n\n\n\n<h5>CATAS Y ALGO M\u00c1S<\/h5>\n\n\n\n<p>Si te gusta el vino y quieres aprender mas y pasar un buen rato con tus amigos\u00a1\u00a1\u00a1<\/p>\n\n\n\n<p>Catas y algo mas es para ti\u00a1\u00a1\u00a1\u00a1<\/p>\n\n\n\n<p><a href=\"http:\/\/www.cmed.cl\/catasyalgomas\/contact\/\">Contactanos<\/a><\/p>\n\n\n\n<figure class=\"wp-block-image\"><img src=\"http:\/\/www.cmed.cl\/catasyalgomas\/wp-content\/uploads\/2014\/06\/process4.png\" alt=\"q\"\/><\/figure>\n","protected":false},"excerpt":{"rendered":"<p>Chile un para\u00edso vitivin\u00edcola NUESTRA TIERRA \u201c\u2026los terrenos de Chile son admirablemente a prop\u00f3sito para el cultivo de la vi\u00f1a ya sea por su naturaleza, o ya por la forma de anfiteatro que presentan sus colinas. Su cultivo empieza en el conf\u00edn norte de la Rep\u00fablica y no se prolonga m\u00e1s que hasta la provincia [&hellip;]<\/p>\n","protected":false},"author":1,"featured_media":0,"parent":0,"menu_order":0,"comment_status":"closed","ping_status":"closed","template":"","meta":[],"_links":{"self":[{"href":"https:\/\/www.catasyalgomas.cl\/index.php?rest_route=\/wp\/v2\/pages\/4708"}],"collection":[{"href":"https:\/\/www.catasyalgomas.cl\/index.php?rest_route=\/wp\/v2\/pages"}],"about":[{"href":"https:\/\/www.catasyalgomas.cl\/index.php?rest_route=\/wp\/v2\/types\/page"}],"author":[{"embeddable":true,"href":"https:\/\/www.catasyalgomas.cl\/index.php?rest_route=\/wp\/v2\/users\/1"}],"replies":[{"embeddable":true,"href":"https:\/\/www.catasyalgomas.cl\/index.php?rest_route=%2Fwp%2Fv2%2Fcomments&post=4708"}],"version-history":[{"count":1,"href":"https:\/\/www.catasyalgomas.cl\/index.php?rest_route=\/wp\/v2\/pages\/4708\/revisions"}],"predecessor-version":[{"id":4709,"href":"https:\/\/www.catasyalgomas.cl\/index.php?rest_route=\/wp\/v2\/pages\/4708\/revisions\/4709"}],"wp:attachment":[{"href":"https:\/\/www.catasyalgomas.cl\/index.php?rest_route=%2Fwp%2Fv2%2Fmedia&parent=4708"}],"curies":[{"name":"wp","href":"https:\/\/api.w.org\/{rel}","templated":true}]}}