{"id":3296,"date":"2017-01-19T05:46:37","date_gmt":"2017-01-19T05:46:37","guid":{"rendered":"http:\/\/demo.theme4press.com\/evolve\/?page_id=3296"},"modified":"2019-04-04T05:19:22","modified_gmt":"2019-04-04T03:19:22","slug":"our-team","status":"publish","type":"page","link":"https:\/\/www.catasyalgomas.cl\/?page_id=3296","title":{"rendered":"Quienes somos"},"content":{"rendered":"<p style=\"text-align: justify;\"><img loading=\"lazy\" class=\"size-medium wp-image-4746 alignleft\" src=\"https:\/\/www.catasyalgomas.cl\/wp-content\/uploads\/2019\/04\/som-001-238x300.jpg\" alt=\"\" width=\"238\" height=\"300\" srcset=\"https:\/\/www.catasyalgomas.cl\/wp-content\/uploads\/2019\/04\/som-001-238x300.jpg 238w, https:\/\/www.catasyalgomas.cl\/wp-content\/uploads\/2019\/04\/som-001.jpg 278w\" sizes=\"(max-width: 238px) 100vw, 238px\" \/>Junto a nuestro equipo llevaremos la experiencia de una cata de vino a la comodidad de tu casa; donde, junto a tus amigos o seres queridos podr\u00e1s probar y aprender de una forma divertida y sin pretensiones; bajo la gu\u00eda de nuestro Sommelier; quien tratara en todo momento explicarte de una forma sencilla y profesional.<\/p>\n<p style=\"text-align: justify;\">Tu \u00fanico objetivo y el de tus invitados ser\u00e1 pasar un buen rato y disfrutar la experiencia; lo dem\u00e1s; d\u00e9jalo en nuestras manos.<\/p>\n<hr \/>\n<div>\n<div><\/div>\n<div><span style=\"font-size: 1em; font-weight: 600;\">UN SOMMELIER EN TU CASA<\/span><\/div>\n<p style=\"text-align: justify;\">Un <strong>Sommelier<\/strong> llegar\u00e1 a tu casa para preparar todo. Llevamos los vinos, las copas, los individuales y por supuesto regalos para hacer de todo una experiencia aun mayor.<\/p>\n<div>\n<div>\n<p style=\"text-align: justify;\">Nuestras catas\u00a0\u00a0 son perfectas para cualquier ocasi\u00f3n, desde una comida a una reuni\u00f3n con tus amigos, para celebrar cumplea\u00f1os, aniversarios, para\u00a0 el d\u00eda del padre o de la madre. El \u00fanico objetivo debe ser el de pasar un rato agradable y aprender sobre el vino de una forma muy sencilla y sin pretensiones.<\/p>\n<\/div>\n<\/div>\n<div>\n<hr \/>\n<\/div>\n<\/div>\n<div>\n<div>\n<div>\n<div><img loading=\"lazy\" src=\"https:\/\/www.catasyalgomas.cl\/wp-content\/uploads\/2019\/04\/glass2-300x159.jpg\" alt=\"\" width=\"300\" height=\"159\" \/> <img loading=\"lazy\" src=\"https:\/\/www.catasyalgomas.cl\/wp-content\/uploads\/2019\/04\/glass-300x159.jpg\" alt=\"\" width=\"300\" height=\"159\" \/><\/p>\n<hr \/>\n<p><span style=\"font-size: 1em; font-weight: 600;\">TE EXPLICAREMOS EL ORIGEN Y CARACTER\u00cdSTICAS PRINCIPALES DE LOS VINOS<\/span><\/p>\n<\/div>\n<\/div>\n<\/div>\n<p style=\"text-align: justify;\">Durante 90 minutos aproximadamente te explicaremos desde como descorchar hasta c\u00f3mo catar el vino. Te explicaremos el origen y caracter\u00edsticas principales de los vinos a probar, y los cataremos descubriendo entre todos las sensaciones que nos provocan.<\/p>\n<\/div>\n","protected":false},"excerpt":{"rendered":"<p>Junto a nuestro equipo llevaremos la experiencia de una cata de vino a la comodidad de tu casa; donde, junto a tus amigos o seres queridos podr\u00e1s probar y aprender de una forma divertida y sin pretensiones; bajo la gu\u00eda de nuestro Sommelier; quien tratara en todo momento explicarte de una forma sencilla y profesional. [&hellip;]<\/p>\n","protected":false},"author":1,"featured_media":0,"parent":0,"menu_order":0,"comment_status":"closed","ping_status":"closed","template":"","meta":[],"_links":{"self":[{"href":"https:\/\/www.catasyalgomas.cl\/index.php?rest_route=\/wp\/v2\/pages\/3296"}],"collection":[{"href":"https:\/\/www.catasyalgomas.cl\/index.php?rest_route=\/wp\/v2\/pages"}],"about":[{"href":"https:\/\/www.catasyalgomas.cl\/index.php?rest_route=\/wp\/v2\/types\/page"}],"author":[{"embeddable":true,"href":"https:\/\/www.catasyalgomas.cl\/index.php?rest_route=\/wp\/v2\/users\/1"}],"replies":[{"embeddable":true,"href":"https:\/\/www.catasyalgomas.cl\/index.php?rest_route=%2Fwp%2Fv2%2Fcomments&post=3296"}],"version-history":[{"count":18,"href":"https:\/\/www.catasyalgomas.cl\/index.php?rest_route=\/wp\/v2\/pages\/3296\/revisions"}],"predecessor-version":[{"id":4752,"href":"https:\/\/www.catasyalgomas.cl\/index.php?rest_route=\/wp\/v2\/pages\/3296\/revisions\/4752"}],"wp:attachment":[{"href":"https:\/\/www.catasyalgomas.cl\/index.php?rest_route=%2Fwp%2Fv2%2Fmedia&parent=3296"}],"curies":[{"name":"wp","href":"https:\/\/api.w.org\/{rel}","templated":true}]}}